{"id":1525,"date":"2023-09-20T12:31:09","date_gmt":"2023-09-20T10:31:09","guid":{"rendered":"https:\/\/lpa-arquitectura.com\/politica-privacidad\/"},"modified":"2023-10-06T16:21:28","modified_gmt":"2023-10-06T14:21:28","slug":"politica-privacitat","status":"publish","type":"page","link":"https:\/\/lpa-arquitectura.com\/ca\/politica-privacitat\/","title":{"rendered":"Pol\u00edtica de privadesa"},"content":{"rendered":"\t\t<div data-elementor-type=\"wp-page\" data-elementor-id=\"1525\" class=\"elementor elementor-1525\">\n\t\t\t\t\t\t\t<div class=\"elementor-element elementor-element-615dbfc e-flex e-con-boxed parallax_section_no qode_elementor_container_no e-con e-parent\" data-id=\"615dbfc\" data-element_type=\"container\" data-settings=\"{&quot;content_width&quot;:&quot;boxed&quot;}\" data-core-v316-plus=\"true\">\n\t\t\t\t\t<div class=\"e-con-inner\">\n\t\t\t\t<div class=\"elementor-element elementor-element-0cb5581 elementor-widget elementor-widget-heading\" data-id=\"0cb5581\" data-element_type=\"widget\" data-widget_type=\"heading.default\">\n\t\t\t\t<div class=\"elementor-widget-container\">\n\t\t\t<style>\/*! elementor - v3.16.0 - 14-09-2023 *\/\n.elementor-heading-title{padding:0;margin:0;line-height:1}.elementor-widget-heading .elementor-heading-title[class*=elementor-size-]>a{color:inherit;font-size:inherit;line-height:inherit}.elementor-widget-heading .elementor-heading-title.elementor-size-small{font-size:15px}.elementor-widget-heading .elementor-heading-title.elementor-size-medium{font-size:19px}.elementor-widget-heading .elementor-heading-title.elementor-size-large{font-size:29px}.elementor-widget-heading .elementor-heading-title.elementor-size-xl{font-size:39px}.elementor-widget-heading .elementor-heading-title.elementor-size-xxl{font-size:59px}<\/style><h1 class=\"elementor-heading-title elementor-size-default\">Pol\u00edtica de privadesa<\/h1>\t\t<\/div>\n\t\t\t\t<\/div>\n\t\t\t\t<div class=\"elementor-element elementor-element-13ca40fe elementor-widget elementor-widget-text-editor\" data-id=\"13ca40fe\" data-element_type=\"widget\" data-widget_type=\"text-editor.default\">\n\t\t\t\t<div class=\"elementor-widget-container\">\n\t\t\t<style>\/*! elementor - v3.16.0 - 14-09-2023 *\/\n.elementor-widget-text-editor.elementor-drop-cap-view-stacked .elementor-drop-cap{background-color:#69727d;color:#fff}.elementor-widget-text-editor.elementor-drop-cap-view-framed .elementor-drop-cap{color:#69727d;border:3px solid;background-color:transparent}.elementor-widget-text-editor:not(.elementor-drop-cap-view-default) .elementor-drop-cap{margin-top:8px}.elementor-widget-text-editor:not(.elementor-drop-cap-view-default) .elementor-drop-cap-letter{width:1em;height:1em}.elementor-widget-text-editor .elementor-drop-cap{float:left;text-align:center;line-height:1;font-size:50px}.elementor-widget-text-editor .elementor-drop-cap-letter{display:inline-block}<\/style>\t\t\t\t<p><em>\u00daltima actualitzaci\u00f3 el 4 d&#8217;octubre del 2023<\/em><br \/><em>Data de vig\u00e8ncia 04-oct-2023<\/em><\/p><p>\u00a0<\/p><p>Aquesta Pol\u00edtica de Privadesa descriu les pol\u00edtiques de LPA ARQUITECTURA, c\/ Esteve Gilabert Bruniquer, 3, Granollers, Barcelona 08402, Espanya, correu electr\u00f2nic: info@lpa-arquitectura.com, tel\u00e8fon: +34679830302 sobre la recopilaci\u00f3, \u00fas i divulgaci\u00f3 de la seva informaci\u00f3 que Recopilem quan utilitza el nostre lloc web (https:\/\/www.lpa-arquitectura.com). (el servei&#8221;). En accedir o utilitzar el Servei, vost\u00e8 accepta la recopilaci\u00f3, l&#8217;\u00fas i la divulgaci\u00f3 de la seva informaci\u00f3 d&#8217;acord amb aquesta Pol\u00edtica de Privadesa. Si no accepta el mateix, no accedeixi ni utilitzi el Servei.<br \/>Podem modificar aquesta Pol\u00edtica de Privadesa en qualsevol moment sense previ av\u00eds i publicarem la Pol\u00edtica de Privadesa revisada al Servei. La Pol\u00edtica revisada entrar\u00e0 en vig\u00e8ncia 180 dies a partir de la data en qu\u00e8 es publiqui al Servei i el seu acc\u00e9s o \u00fas continu del Servei despr\u00e9s d&#8217;aquest temps constituir\u00e0 la seva acceptaci\u00f3 de la Pol\u00edtica de privadesa revisada. Per aix\u00f2 us recomanem que reviseu peri\u00f2dicament aquesta p\u00e0gina.<\/p><h2>\u00a0<\/h2><h2>Els teus drets<\/h2><p>Depenent de la llei que s&#8217;apliqui, podeu tenir dret a accedir i rectificar o esborrar les vostres dades personals o rebre una c\u00f2pia de les vostres dades personals, restringir o oposar-vos al processament actiu de les vostres dades, sol\u00b7licitar-nos que compartim (portem) les vostres dades personals. informaci\u00f3 a una altra entitat, retirar qualsevol consentiment que ens hagi brindat per processar les seves dades, el dret a presentar una queixa davant d&#8217;una autoritat legal i altres drets que puguin ser rellevants segons les lleis aplicables. Per exercir aquests drets podeu escriure&#8217;ns a info@lpa-arquitectura.com. Respondrem la vostra sol\u00b7licitud d&#8217;acord amb la llei aplicable.<\/p><p>Tingueu en compte que si no ens permet recopilar o processar la informaci\u00f3 personal requerida o retirar el consentiment per processar-la per als fins requerits, \u00e9s possible que no pugueu accedir ni utilitzar els serveis per als quals es va buscar la seva informaci\u00f3.<\/p><h2>\u00a0<\/h2><h2>Galetes, etc.<\/h2><p>Per obtenir m\u00e9s informaci\u00f3 sobre com les utilitzem i les opcions en relaci\u00f3 amb aquestes tecnologies de seguiment, consulteu la nostra Pol\u00edtica de cookies.<\/p><h2>\u00a0<\/h2><h2>Seguretat<\/h2><p>La seguretat de la vostra informaci\u00f3 \u00e9s important per a nosaltres i utilitzarem mesures de seguretat raonables per evitar la p\u00e8rdua, l&#8217;\u00fas indegut o l&#8217;alteraci\u00f3 no autoritzada de la vostra informaci\u00f3 sota el nostre control. No obstant aix\u00f2, atesos els riscos inherents, no podem garantir una seguretat absoluta i, en conseq\u00fc\u00e8ncia, no podem assegurar ni garantir la seguretat de la informaci\u00f3 que ens transmet i ho fa sota el seu propi risc.<\/p><h2>\u00a0<\/h2><h2>Delegat de Queixes\/Protecci\u00f3 de Dades<\/h2><p>Si teniu alguna consulta o inquietud sobre el processament de la vostra informaci\u00f3 que est\u00e0 disponible amb nosaltres, podeu enviar un correu electr\u00f2nic al nostre Oficial de Reclamacions en LPA ARQUITECTURA, c\/ Esteve Gilabert Bruniquer, 3, Granollers (BCN), correu electr\u00f2nic: info@ lpa-arquitectura. com. Atendrem les vostres inquietuds d&#8217;acord amb la llei aplicable.<\/p>\t\t\t\t\t\t<\/div>\n\t\t\t\t<\/div>\n\t\t\t\t\t<\/div>\n\t\t\t\t<\/div>\n\t\t\t\t\t\t\t<\/div>\n\t\t","protected":false},"excerpt":{"rendered":"<p>Pol\u00edtica de privadesa \u00daltima actualitzaci\u00f3 el 4 d&#8217;octubre del 2023 Data de vig\u00e8ncia 04-oct-2023 Aquesta Pol\u00edtica de Privadesa descriu les pol\u00edtiques de LPA ARQUITECTURA, c\/ Esteve Gilabert Bruniquer, 3, Granollers, Barcelona 08402, Espanya, correu electr\u00f2nic: info@lpa-arquitectura.com, tel\u00e8fon: +34679830302 sobre la recopilaci\u00f3, \u00fas i divulgaci\u00f3 de&#8230;<\/p>\n","protected":false},"author":1,"featured_media":0,"parent":0,"menu_order":0,"comment_status":"closed","ping_status":"open","template":"","meta":{"footnotes":""},"class_list":["post-1525","page","type-page","status-publish","hentry"],"_links":{"self":[{"href":"https:\/\/lpa-arquitectura.com\/ca\/wp-json\/wp\/v2\/pages\/1525","targetHints":{"allow":["GET"]}}],"collection":[{"href":"https:\/\/lpa-arquitectura.com\/ca\/wp-json\/wp\/v2\/pages"}],"about":[{"href":"https:\/\/lpa-arquitectura.com\/ca\/wp-json\/wp\/v2\/types\/page"}],"author":[{"embeddable":true,"href":"https:\/\/lpa-arquitectura.com\/ca\/wp-json\/wp\/v2\/users\/1"}],"replies":[{"embeddable":true,"href":"https:\/\/lpa-arquitectura.com\/ca\/wp-json\/wp\/v2\/comments?post=1525"}],"version-history":[{"count":6,"href":"https:\/\/lpa-arquitectura.com\/ca\/wp-json\/wp\/v2\/pages\/1525\/revisions"}],"predecessor-version":[{"id":1532,"href":"https:\/\/lpa-arquitectura.com\/ca\/wp-json\/wp\/v2\/pages\/1525\/revisions\/1532"}],"wp:attachment":[{"href":"https:\/\/lpa-arquitectura.com\/ca\/wp-json\/wp\/v2\/media?parent=1525"}],"curies":[{"name":"wp","href":"https:\/\/api.w.org\/{rel}","templated":true}]}}