{"id":1520,"date":"2023-10-04T09:10:02","date_gmt":"2023-10-04T07:10:02","guid":{"rendered":"https:\/\/lpa-arquitectura.com\/declaracion-de-accesibilidad\/"},"modified":"2023-10-10T09:44:52","modified_gmt":"2023-10-10T07:44:52","slug":"declaracio-daccessibilitat","status":"publish","type":"page","link":"https:\/\/lpa-arquitectura.com\/ca\/declaracio-daccessibilitat\/","title":{"rendered":"Declaraci\u00f3 d&#8217;accessibilitat"},"content":{"rendered":"\t\t<div data-elementor-type=\"wp-page\" data-elementor-id=\"1520\" class=\"elementor elementor-1520\">\n\t\t\t\t\t\t\t<div class=\"elementor-element elementor-element-7b405d6 e-flex e-con-boxed parallax_section_no qode_elementor_container_no e-con e-parent\" data-id=\"7b405d6\" data-element_type=\"container\" data-settings=\"{&quot;content_width&quot;:&quot;boxed&quot;}\" data-core-v316-plus=\"true\">\n\t\t\t\t\t<div class=\"e-con-inner\">\n\t\t\t\t<div class=\"elementor-element elementor-element-9c0adea elementor-widget elementor-widget-heading\" data-id=\"9c0adea\" data-element_type=\"widget\" data-widget_type=\"heading.default\">\n\t\t\t\t<div class=\"elementor-widget-container\">\n\t\t\t<style>\/*! elementor - v3.16.0 - 14-09-2023 *\/\n.elementor-heading-title{padding:0;margin:0;line-height:1}.elementor-widget-heading .elementor-heading-title[class*=elementor-size-]>a{color:inherit;font-size:inherit;line-height:inherit}.elementor-widget-heading .elementor-heading-title.elementor-size-small{font-size:15px}.elementor-widget-heading .elementor-heading-title.elementor-size-medium{font-size:19px}.elementor-widget-heading .elementor-heading-title.elementor-size-large{font-size:29px}.elementor-widget-heading .elementor-heading-title.elementor-size-xl{font-size:39px}.elementor-widget-heading .elementor-heading-title.elementor-size-xxl{font-size:59px}<\/style><h1 class=\"elementor-heading-title elementor-size-default\">Declaraci\u00f3 d'acceSsibilitat<\/h1>\t\t<\/div>\n\t\t\t\t<\/div>\n\t\t\t\t<div class=\"elementor-element elementor-element-3eb1d9a elementor-widget elementor-widget-text-editor\" data-id=\"3eb1d9a\" data-element_type=\"widget\" data-widget_type=\"text-editor.default\">\n\t\t\t\t<div class=\"elementor-widget-container\">\n\t\t\t<style>\/*! elementor - v3.16.0 - 14-09-2023 *\/\n.elementor-widget-text-editor.elementor-drop-cap-view-stacked .elementor-drop-cap{background-color:#69727d;color:#fff}.elementor-widget-text-editor.elementor-drop-cap-view-framed .elementor-drop-cap{color:#69727d;border:3px solid;background-color:transparent}.elementor-widget-text-editor:not(.elementor-drop-cap-view-default) .elementor-drop-cap{margin-top:8px}.elementor-widget-text-editor:not(.elementor-drop-cap-view-default) .elementor-drop-cap-letter{width:1em;height:1em}.elementor-widget-text-editor .elementor-drop-cap{float:left;text-align:center;line-height:1;font-size:50px}.elementor-widget-text-editor .elementor-drop-cap-letter{display:inline-block}<\/style>\t\t\t\t<p>LPA ARQUITECTURA es compromet a fer accessible el vostre lloc web de conformitat amb el <a role=\"link\" href=\"https:\/\/www.boe.es\/diario_boe\/txt.php?id=BOE-A-2018-12699\" target=\"_blank\" rel=\"noopener noreferrer\">Reial decret 1112\/2018, sobre accessibilitat dels llocs webs i aplicacions per a dispositius m\u00f2bils del sector p\u00fablic. <\/a><\/p><p>Aquesta declaraci\u00f3 d&#8217;accessibilitat s&#8217;aplica al web lpa-arquitectura.com<\/p><h2>\u00a0<\/h2><h2 class=\"text-4xl m-0 mb-3\">Situaci\u00f3 de compliment<\/h2><p>Aquest lloc web \u00e9s <strong>parcialment conforme<\/strong> amb el RD 1112\/2018 a causa de la manca de conformitat dels aspectes que s&#8217;indiquen a continuaci\u00f3.<\/p><h2>\u00a0<\/h2><h2 class=\"text-4xl m-0 mb-3\">Contingut no accessible<\/h2><p>El contingut que es recull a continuaci\u00f3 no \u00e9s accessible pel seg\u00fcent:<\/p><ul><li class=\"relative ml-5 list-disc\">manca de conformitat amb el RD 1112\/2018<ul><li class=\"relative ml-5 list-disc\">Es poden trobar imatges sense que acompanyi text explicatiu.<\/li><li class=\"relative ml-5 list-disc\">Es pot trobar encara nidaments incorrectes d&#8217;etiquetes.<\/li><li class=\"relative ml-5 list-disc\">Hi podria haver errors d&#8217;edici\u00f3 a la p\u00e0gina web.<\/li><\/ul><\/li><li class=\"relative ml-5 list-disc\">c\u00e0rrega desproporcionada<ul><li class=\"relative ml-5 list-disc\">No s&#8217;aplica.<\/li><\/ul><\/li><li class=\"relative ml-5 list-disc\">el contingut no entra dins l&#8217;\u00e0mbit de la legislaci\u00f3 aplicable<ul><li class=\"relative ml-5 list-disc\">Existeixen fitxers ofim\u00e0tics en PDF que no compleixin \u00edntegrament tots els requisits d&#8217;accessibilitat.<\/li><\/ul><\/li><\/ul><h2>\u00a0<\/h2><h2 class=\"text-3xl m-0 mb-3\">Preparaci\u00f3 d&#8217;aquesta declaraci\u00f3 d&#8217;accessibilitat:<\/h2><p>El m\u00e8tode emprat per preparar la declaraci\u00f3 ha estat una autoavaluaci\u00f3 duta a terme per lequip daccessibilitat de lentitat.<\/p><h2>\u00a0<\/h2><h2 class=\"text-3xl m-0 mb-3\">Observacions i dades de contacte:<\/h2><p>Podeu realitzar comunicacions sobre requisits d&#8217;accessibilitat (article 10.2.a) del RD 1112\/2018) com per exemple:<\/p><p>1. Informar sobre qualsevol possible incompliment per part daquest lloc web.<\/p><p>2. Transmetre altres dificultats dacc\u00e9s al contingut<\/p><p>3. Formular qualsevol altra consulta o suggeriment de millora relativa a laccessibilitat del lloc web<\/p><p>A trav\u00e9s de la nostra b\u00fastia de suggeriments, o de manera presencial a la nostra seu: Carrer Esteve Gilabert Bruniquer, 3 &#8211; 08402 Granollers &#8211; Barcelona<\/p><p>Indicant a l&#8217;Afer: \u00abAccessibilitat Web\u00bb<\/p><p>Les comunicacions seran rebudes i tractades per lequip dAccessibilitat.<\/p><h3>\u00a0<\/h3><h3><strong>Contingut opcional<\/strong><\/h3><p>En aquesta web s&#8217;han adoptat una s\u00e8rie de mesures que tenen com a objectiu millorar l&#8217;accessibilitat. Els avantatges que aix\u00f2 comporta s\u00f3n, entre d&#8217;altres:<\/p><p>1. Facilitar l&#8217;acc\u00e9s de les persones independentment de la condici\u00f3 f\u00edsica o del seu entorn.<\/p><p>2. Incloure continguts clars i ben estructurats.<\/p><p>3. Millorar la navegaci\u00f3 i lexperi\u00e8ncia de lusuari.<\/p><p>Entre les mesures adoptades:<\/p><h3>\u00a0<\/h3><h3><strong>Bot\u00f3 lateral esquerre d&#8217;accessibilitat<\/strong><\/h3><p>A totes les p\u00e0gines de la web, compten amb un bot\u00f3 al lateral esquerre amb s\u00edmbol d&#8217;accessibilitat, que quan punxem s&#8217;obre un \u00abpop up\u00bb amb les diferents opcions d&#8217;accessibilitat visual que poden afectar la p\u00e0gina web.<\/p><h3>\u00a0<\/h3><h3><strong>Dreceres de teclat<\/strong><\/h3><ul><li class=\"relative ml-5 list-disc\">Internet Explorer 6 o superiors: ALT + Tecla d&#8217;acc\u00e9s r\u00e0pid + Tecla ENTER<\/li><li class=\"relative ml-5 list-disc\">Mozilla Firefox 2.0 o superiors: ALT + MAJUSCULES + Tecla d&#8217;acc\u00e9s r\u00e0pid (configuraci\u00f3 \u2013 avan\u00e7ada al navegador amb dues tecles)<\/li><li class=\"relative ml-5 list-disc\">Opera: Tecla Maj\u00fascules + Esc per activar les tecles d&#8217;acc\u00e9s r\u00e0pid<\/li><li class=\"relative ml-5 list-disc\">Macs: CONTROL + Tecla d&#8217;acc\u00e9s r\u00e0pid.<\/li><li class=\"relative ml-5 list-disc\">Chrome: ALT + Tecla d&#8217;acc\u00e9s r\u00e0pid.<\/li><\/ul>\t\t\t\t\t\t<\/div>\n\t\t\t\t<\/div>\n\t\t\t\t\t<\/div>\n\t\t\t\t<\/div>\n\t\t\t\t\t\t\t<\/div>\n\t\t","protected":false},"excerpt":{"rendered":"<p>Declaraci\u00f3 d&#8217;acceSsibilitat LPA ARQUITECTURA es compromet a fer accessible el vostre lloc web de conformitat amb el Reial decret 1112\/2018, sobre accessibilitat dels llocs webs i aplicacions per a dispositius m\u00f2bils del sector p\u00fablic. Aquesta declaraci\u00f3 d&#8217;accessibilitat s&#8217;aplica al web lpa-arquitectura.com \u00a0 Situaci\u00f3 de compliment&#8230;<\/p>\n","protected":false},"author":1,"featured_media":0,"parent":0,"menu_order":0,"comment_status":"closed","ping_status":"closed","template":"","meta":{"footnotes":""},"class_list":["post-1520","page","type-page","status-publish","hentry"],"_links":{"self":[{"href":"https:\/\/lpa-arquitectura.com\/ca\/wp-json\/wp\/v2\/pages\/1520","targetHints":{"allow":["GET"]}}],"collection":[{"href":"https:\/\/lpa-arquitectura.com\/ca\/wp-json\/wp\/v2\/pages"}],"about":[{"href":"https:\/\/lpa-arquitectura.com\/ca\/wp-json\/wp\/v2\/types\/page"}],"author":[{"embeddable":true,"href":"https:\/\/lpa-arquitectura.com\/ca\/wp-json\/wp\/v2\/users\/1"}],"replies":[{"embeddable":true,"href":"https:\/\/lpa-arquitectura.com\/ca\/wp-json\/wp\/v2\/comments?post=1520"}],"version-history":[{"count":13,"href":"https:\/\/lpa-arquitectura.com\/ca\/wp-json\/wp\/v2\/pages\/1520\/revisions"}],"predecessor-version":[{"id":1571,"href":"https:\/\/lpa-arquitectura.com\/ca\/wp-json\/wp\/v2\/pages\/1520\/revisions\/1571"}],"wp:attachment":[{"href":"https:\/\/lpa-arquitectura.com\/ca\/wp-json\/wp\/v2\/media?parent=1520"}],"curies":[{"name":"wp","href":"https:\/\/api.w.org\/{rel}","templated":true}]}}