{"id":1508,"date":"2023-09-25T13:56:51","date_gmt":"2023-09-25T11:56:51","guid":{"rendered":"https:\/\/lpa-arquitectura.com\/home-lpa\/"},"modified":"2023-10-10T09:48:47","modified_gmt":"2023-10-10T07:48:47","slug":"home-lpa","status":"publish","type":"page","link":"https:\/\/lpa-arquitectura.com\/ca\/","title":{"rendered":"Home LPA"},"content":{"rendered":"\t\t<div data-elementor-type=\"wp-page\" data-elementor-id=\"1508\" class=\"elementor elementor-1508\">\n\t\t\t\t\t\t\t<div class=\"elementor-element elementor-element-38ed304 e-flex e-con-boxed parallax_section_no qode_elementor_container_no e-con e-parent\" data-id=\"38ed304\" data-element_type=\"container\" data-settings=\"{&quot;content_width&quot;:&quot;boxed&quot;}\" data-core-v316-plus=\"true\">\n\t\t\t\t\t<div class=\"e-con-inner\">\n\t\t<div class=\"elementor-element elementor-element-7a3f37f e-con-full e-flex parallax_section_no qode_elementor_container_no e-con e-child\" data-id=\"7a3f37f\" data-element_type=\"container\" data-settings=\"{&quot;content_width&quot;:&quot;full&quot;,&quot;background_background&quot;:&quot;classic&quot;}\">\n\t\t\t\t<div class=\"elementor-element elementor-element-e618920 elementor-widget elementor-widget-image\" data-id=\"e618920\" data-element_type=\"widget\" data-widget_type=\"image.default\">\n\t\t\t\t<div class=\"elementor-widget-container\">\n\t\t\t<style>\/*! elementor - v3.16.0 - 14-09-2023 *\/\n.elementor-widget-image{text-align:center}.elementor-widget-image a{display:inline-block}.elementor-widget-image a img[src$=\".svg\"]{width:48px}.elementor-widget-image img{vertical-align:middle;display:inline-block}<\/style>\t\t\t\t\t\t\t\t\t\t\t\t<img loading=\"lazy\" decoding=\"async\" width=\"1000\" height=\"1000\" src=\"https:\/\/lpa-arquitectura.com\/wp-content\/uploads\/2023\/10\/estr-portada.jpg\" class=\"attachment-large size-large wp-image-1225\" alt=\"\" srcset=\"https:\/\/lpa-arquitectura.com\/wp-content\/uploads\/2023\/10\/estr-portada.jpg 1000w, https:\/\/lpa-arquitectura.com\/wp-content\/uploads\/2023\/10\/estr-portada-300x300.jpg 300w, https:\/\/lpa-arquitectura.com\/wp-content\/uploads\/2023\/10\/estr-portada-150x150.jpg 150w, https:\/\/lpa-arquitectura.com\/wp-content\/uploads\/2023\/10\/estr-portada-768x768.jpg 768w, https:\/\/lpa-arquitectura.com\/wp-content\/uploads\/2023\/10\/estr-portada-570x570.jpg 570w, https:\/\/lpa-arquitectura.com\/wp-content\/uploads\/2023\/10\/estr-portada-500x500.jpg 500w, https:\/\/lpa-arquitectura.com\/wp-content\/uploads\/2023\/10\/estr-portada-700x700.jpg 700w, https:\/\/lpa-arquitectura.com\/wp-content\/uploads\/2023\/10\/estr-portada-650x650.jpg 650w\" sizes=\"auto, (max-width: 1000px) 100vw, 1000px\" \/>\t\t\t\t\t\t\t\t\t\t\t\t\t\t\t<\/div>\n\t\t\t\t<\/div>\n\t\t\t\t<div class=\"elementor-element elementor-element-62e1841 elementor-widget__width-inherit elementor-absolute elementor-widget elementor-widget-heading\" data-id=\"62e1841\" data-element_type=\"widget\" data-settings=\"{&quot;_position&quot;:&quot;absolute&quot;}\" data-widget_type=\"heading.default\">\n\t\t\t\t<div class=\"elementor-widget-container\">\n\t\t\t<style>\/*! elementor - v3.16.0 - 14-09-2023 *\/\n.elementor-heading-title{padding:0;margin:0;line-height:1}.elementor-widget-heading .elementor-heading-title[class*=elementor-size-]>a{color:inherit;font-size:inherit;line-height:inherit}.elementor-widget-heading .elementor-heading-title.elementor-size-small{font-size:15px}.elementor-widget-heading .elementor-heading-title.elementor-size-medium{font-size:19px}.elementor-widget-heading .elementor-heading-title.elementor-size-large{font-size:29px}.elementor-widget-heading .elementor-heading-title.elementor-size-xl{font-size:39px}.elementor-widget-heading .elementor-heading-title.elementor-size-xxl{font-size:59px}<\/style><h2 class=\"elementor-heading-title elementor-size-default\"><a href=\"https:\/\/lpa-arquitectura.com\/ca\/serveis\/#calculo-de-estructuras\">C\u00c0LCUL<br> D\u2019ESTRUCTURES<\/a><\/h2>\t\t<\/div>\n\t\t\t\t<\/div>\n\t\t\t\t<\/div>\n\t\t<div class=\"elementor-element elementor-element-1b8569d e-con-full e-flex parallax_section_no qode_elementor_container_no e-con e-child\" data-id=\"1b8569d\" data-element_type=\"container\" data-settings=\"{&quot;content_width&quot;:&quot;full&quot;,&quot;background_background&quot;:&quot;classic&quot;}\">\n\t\t\t\t<div class=\"elementor-element elementor-element-e819ed6 elementor-widget__width-inherit elementor-absolute elementor-widget elementor-widget-heading\" data-id=\"e819ed6\" data-element_type=\"widget\" data-settings=\"{&quot;_position&quot;:&quot;absolute&quot;}\" data-widget_type=\"heading.default\">\n\t\t\t\t<div class=\"elementor-widget-container\">\n\t\t\t<h2 class=\"elementor-heading-title elementor-size-default\"><a href=\"https:\/\/lpa-arquitectura.com\/ca\/serveis\/#proyectos-de-edificacion\">PROJECTES <br>D\u2019EDIFICACI\u00d3<\/a><\/h2>\t\t<\/div>\n\t\t\t\t<\/div>\n\t\t\t\t<div class=\"elementor-element elementor-element-57b232a elementor-widget elementor-widget-image\" data-id=\"57b232a\" data-element_type=\"widget\" data-widget_type=\"image.default\">\n\t\t\t\t<div class=\"elementor-widget-container\">\n\t\t\t\t\t\t\t\t\t\t\t\t\t\t\t<img loading=\"lazy\" decoding=\"async\" width=\"768\" height=\"768\" src=\"https:\/\/lpa-arquitectura.com\/wp-content\/uploads\/2023\/10\/obranueva-portada.jpg\" class=\"attachment-large size-large wp-image-1226\" alt=\"\" srcset=\"https:\/\/lpa-arquitectura.com\/wp-content\/uploads\/2023\/10\/obranueva-portada.jpg 768w, https:\/\/lpa-arquitectura.com\/wp-content\/uploads\/2023\/10\/obranueva-portada-300x300.jpg 300w, https:\/\/lpa-arquitectura.com\/wp-content\/uploads\/2023\/10\/obranueva-portada-150x150.jpg 150w, https:\/\/lpa-arquitectura.com\/wp-content\/uploads\/2023\/10\/obranueva-portada-570x570.jpg 570w, https:\/\/lpa-arquitectura.com\/wp-content\/uploads\/2023\/10\/obranueva-portada-500x500.jpg 500w, https:\/\/lpa-arquitectura.com\/wp-content\/uploads\/2023\/10\/obranueva-portada-700x700.jpg 700w, https:\/\/lpa-arquitectura.com\/wp-content\/uploads\/2023\/10\/obranueva-portada-650x650.jpg 650w\" sizes=\"auto, (max-width: 768px) 100vw, 768px\" \/>\t\t\t\t\t\t\t\t\t\t\t\t\t\t\t<\/div>\n\t\t\t\t<\/div>\n\t\t\t\t<\/div>\n\t\t<div class=\"elementor-element elementor-element-dab01f3 e-con-full e-flex parallax_section_no qode_elementor_container_no e-con e-child\" data-id=\"dab01f3\" data-element_type=\"container\" data-settings=\"{&quot;content_width&quot;:&quot;full&quot;,&quot;background_background&quot;:&quot;classic&quot;}\">\n\t\t\t\t<div class=\"elementor-element elementor-element-bf71d34 elementor-widget__width-inherit elementor-absolute elementor-widget elementor-widget-heading\" data-id=\"bf71d34\" data-element_type=\"widget\" data-settings=\"{&quot;_position&quot;:&quot;absolute&quot;}\" data-widget_type=\"heading.default\">\n\t\t\t\t<div class=\"elementor-widget-container\">\n\t\t\t<h2 class=\"elementor-heading-title elementor-size-default\"><a href=\"https:\/\/lpa-arquitectura.com\/ca\/serveis\/#proyectos-de-rehabilitacion\">PROJECTES DE <br>REHABILITACI\u00d3<\/a><\/h2>\t\t<\/div>\n\t\t\t\t<\/div>\n\t\t\t\t<div class=\"elementor-element elementor-element-2d074eb elementor-widget elementor-widget-image\" data-id=\"2d074eb\" data-element_type=\"widget\" data-widget_type=\"image.default\">\n\t\t\t\t<div class=\"elementor-widget-container\">\n\t\t\t\t\t\t\t\t\t\t\t\t\t\t\t<img loading=\"lazy\" decoding=\"async\" width=\"1024\" height=\"1024\" src=\"https:\/\/lpa-arquitectura.com\/wp-content\/uploads\/2023\/10\/rehab-portada-1024x1024.jpg\" class=\"attachment-large size-large wp-image-1228\" alt=\"\" srcset=\"https:\/\/lpa-arquitectura.com\/wp-content\/uploads\/2023\/10\/rehab-portada-1024x1024.jpg 1024w, https:\/\/lpa-arquitectura.com\/wp-content\/uploads\/2023\/10\/rehab-portada-300x300.jpg 300w, https:\/\/lpa-arquitectura.com\/wp-content\/uploads\/2023\/10\/rehab-portada-150x150.jpg 150w, https:\/\/lpa-arquitectura.com\/wp-content\/uploads\/2023\/10\/rehab-portada-768x768.jpg 768w, https:\/\/lpa-arquitectura.com\/wp-content\/uploads\/2023\/10\/rehab-portada-1536x1536.jpg 1536w, https:\/\/lpa-arquitectura.com\/wp-content\/uploads\/2023\/10\/rehab-portada-570x570.jpg 570w, https:\/\/lpa-arquitectura.com\/wp-content\/uploads\/2023\/10\/rehab-portada-500x500.jpg 500w, https:\/\/lpa-arquitectura.com\/wp-content\/uploads\/2023\/10\/rehab-portada-1000x1000.jpg 1000w, https:\/\/lpa-arquitectura.com\/wp-content\/uploads\/2023\/10\/rehab-portada-700x700.jpg 700w, https:\/\/lpa-arquitectura.com\/wp-content\/uploads\/2023\/10\/rehab-portada-650x650.jpg 650w, https:\/\/lpa-arquitectura.com\/wp-content\/uploads\/2023\/10\/rehab-portada-1300x1300.jpg 1300w, https:\/\/lpa-arquitectura.com\/wp-content\/uploads\/2023\/10\/rehab-portada.jpg 1836w\" sizes=\"auto, (max-width: 1024px) 100vw, 1024px\" \/>\t\t\t\t\t\t\t\t\t\t\t\t\t\t\t<\/div>\n\t\t\t\t<\/div>\n\t\t\t\t<\/div>\n\t\t\t\t\t<\/div>\n\t\t\t\t<\/div>\n\t\t<div class=\"elementor-element elementor-element-77e39b9 e-flex e-con-boxed parallax_section_no qode_elementor_container_no e-con e-parent\" data-id=\"77e39b9\" data-element_type=\"container\" data-settings=\"{&quot;content_width&quot;:&quot;boxed&quot;}\" data-core-v316-plus=\"true\">\n\t\t\t\t\t<div class=\"e-con-inner\">\n\t\t\t\t<div class=\"elementor-element elementor-element-7f2cdfc elementor-widget elementor-widget-heading\" data-id=\"7f2cdfc\" data-element_type=\"widget\" data-widget_type=\"heading.default\">\n\t\t\t\t<div class=\"elementor-widget-container\">\n\t\t\t<h1 class=\"elementor-heading-title elementor-size-default\">LPA Arquitectura<\/h1>\t\t<\/div>\n\t\t\t\t<\/div>\n\t\t\t\t\t<\/div>\n\t\t\t\t<\/div>\n\t\t<div class=\"elementor-element elementor-element-308b892 qode_elementor_container_inner e-transform e-flex e-con-boxed parallax_section_no e-con e-parent\" data-id=\"308b892\" data-element_type=\"container\" data-settings=\"{&quot;_transform_translateY_effect&quot;:{&quot;unit&quot;:&quot;px&quot;,&quot;size&quot;:-63,&quot;sizes&quot;:[]},&quot;content_width&quot;:&quot;boxed&quot;,&quot;_transform_translateX_effect&quot;:{&quot;unit&quot;:&quot;px&quot;,&quot;size&quot;:&quot;&quot;,&quot;sizes&quot;:[]},&quot;_transform_translateX_effect_tablet&quot;:{&quot;unit&quot;:&quot;px&quot;,&quot;size&quot;:&quot;&quot;,&quot;sizes&quot;:[]},&quot;_transform_translateX_effect_mobile&quot;:{&quot;unit&quot;:&quot;px&quot;,&quot;size&quot;:&quot;&quot;,&quot;sizes&quot;:[]},&quot;_transform_translateY_effect_tablet&quot;:{&quot;unit&quot;:&quot;px&quot;,&quot;size&quot;:&quot;&quot;,&quot;sizes&quot;:[]},&quot;_transform_translateY_effect_mobile&quot;:{&quot;unit&quot;:&quot;px&quot;,&quot;size&quot;:&quot;&quot;,&quot;sizes&quot;:[]}}\" data-core-v316-plus=\"true\">\n\t\t\t\t\t<div class=\"e-con-inner\">\n\t\t<div class=\"elementor-element elementor-element-48e1c78 e-con-full e-flex parallax_section_no qode_elementor_container_no e-con e-child\" data-id=\"48e1c78\" data-element_type=\"container\" data-settings=\"{&quot;content_width&quot;:&quot;full&quot;}\">\n\t\t\t\t<div class=\"elementor-element elementor-element-d3f6d35 elementor-widget elementor-widget-text-editor\" data-id=\"d3f6d35\" data-element_type=\"widget\" data-widget_type=\"text-editor.default\">\n\t\t\t\t<div class=\"elementor-widget-container\">\n\t\t\t<style>\/*! elementor - v3.16.0 - 14-09-2023 *\/\n.elementor-widget-text-editor.elementor-drop-cap-view-stacked .elementor-drop-cap{background-color:#69727d;color:#fff}.elementor-widget-text-editor.elementor-drop-cap-view-framed .elementor-drop-cap{color:#69727d;border:3px solid;background-color:transparent}.elementor-widget-text-editor:not(.elementor-drop-cap-view-default) .elementor-drop-cap{margin-top:8px}.elementor-widget-text-editor:not(.elementor-drop-cap-view-default) .elementor-drop-cap-letter{width:1em;height:1em}.elementor-widget-text-editor .elementor-drop-cap{float:left;text-align:center;line-height:1;font-size:50px}.elementor-widget-text-editor .elementor-drop-cap-letter{display:inline-block}<\/style>\t\t\t\t<h3>Innovaci\u00f3 i Sostenibilitat<\/h3>\t\t\t\t\t\t<\/div>\n\t\t\t\t<\/div>\n\t\t\t\t<div class=\"elementor-element elementor-element-321e615 elementor-widget elementor-widget-text-editor\" data-id=\"321e615\" data-element_type=\"widget\" data-widget_type=\"text-editor.default\">\n\t\t\t\t<div class=\"elementor-widget-container\">\n\t\t\t\t\t\t\tExperts en c\u00e0lcul estructural, projectes d&#8217;edificaci\u00f3 i rehabilitaci\u00f3, aix\u00ed com informes pericials. M\u00e9s de 15 anys d&#8217;experi\u00e8ncia i 100.000 m\u00b2 de sostre calculats ens donen suport. Dissenyem, gestionem i acompanyem en tot el proc\u00e9s. El teu soci a l&#8217;arquitectura sostenible i eficient.\t\t\t\t\t\t<\/div>\n\t\t\t\t<\/div>\n\t\t\t\t<\/div>\n\t\t<div class=\"elementor-element elementor-element-c127a84 e-con-full e-flex parallax_section_no qode_elementor_container_no e-con e-child\" data-id=\"c127a84\" data-element_type=\"container\" data-settings=\"{&quot;content_width&quot;:&quot;full&quot;}\">\n\t\t\t\t<div class=\"elementor-element elementor-element-8f03b8f elementor-widget elementor-widget-image\" data-id=\"8f03b8f\" data-element_type=\"widget\" data-widget_type=\"image.default\">\n\t\t\t\t<div class=\"elementor-widget-container\">\n\t\t\t\t\t\t\t\t\t\t\t\t\t\t\t<img decoding=\"async\" src=\"https:\/\/lpa-arquitectura.com\/wp-content\/uploads\/2023\/09\/1-Ed1-copia.jpg\" title=\"1-Ed1 co\u0300pia\" alt=\"1-Ed1 co\u0300pia\" loading=\"lazy\" \/>\t\t\t\t\t\t\t\t\t\t\t\t\t\t\t<\/div>\n\t\t\t\t<\/div>\n\t\t\t\t<\/div>\n\t\t\t\t\t<\/div>\n\t\t\t\t<\/div>\n\t\t<div class=\"elementor-element elementor-element-0cc83b1 e-flex e-con-boxed parallax_section_no qode_elementor_container_no e-con e-parent\" data-id=\"0cc83b1\" data-element_type=\"container\" data-settings=\"{&quot;content_width&quot;:&quot;boxed&quot;}\" data-core-v316-plus=\"true\">\n\t\t\t\t\t<div class=\"e-con-inner\">\n\t\t\t\t<div class=\"elementor-element elementor-element-986fd27 elementor-widget elementor-widget-heading\" data-id=\"986fd27\" data-element_type=\"widget\" data-widget_type=\"heading.default\">\n\t\t\t\t<div class=\"elementor-widget-container\">\n\t\t\t<h2 class=\"elementor-heading-title elementor-size-default\">Serveis<\/h2>\t\t<\/div>\n\t\t\t\t<\/div>\n\t\t\t\t\t<\/div>\n\t\t\t\t<\/div>\n\t\t<div class=\"elementor-element elementor-element-e64ab80 qode_elementor_container_inner e-flex e-con-boxed parallax_section_no e-con e-parent\" data-id=\"e64ab80\" data-element_type=\"container\" data-settings=\"{&quot;background_background&quot;:&quot;classic&quot;,&quot;content_width&quot;:&quot;boxed&quot;}\" data-core-v316-plus=\"true\">\n\t\t\t\t\t<div class=\"e-con-inner\">\n\t\t<div class=\"elementor-element elementor-element-c092cd2 e-con-full e-flex parallax_section_no qode_elementor_container_no e-con e-child\" data-id=\"c092cd2\" data-element_type=\"container\" data-settings=\"{&quot;content_width&quot;:&quot;full&quot;}\">\n\t\t\t\t<div class=\"elementor-element elementor-element-50a5bae elementor-widget elementor-widget-bridge_icon_text\" data-id=\"50a5bae\" data-element_type=\"widget\" data-widget_type=\"bridge_icon_text.default\">\n\t\t\t\t<div class=\"elementor-widget-container\">\n\t\t\t<div class='q_icon_with_title medium custom_icon_image '><div class=\"icon_holder \" style=\" \"><img decoding=\"async\" itemprop=\"image\" style=\"\" src=\"https:\/\/lpa-arquitectura.com\/wp-content\/uploads\/2023\/09\/Recurso-1.png\" alt=\"\"><\/div><div class=\"icon_text_holder\" style=\"\"><div class=\"icon_text_inner\" style=\"\"><h5 class=\"icon_title\" style=\"\">C\u00c0LCUL D\u2019ESTRUCTURES<\/h5><p style=''>Oferim el nostre servei especialitzat de c\u00e0lcul estructural, per obra nova i rehabilitaci\u00f3.  <\/p><\/div><\/div><\/div>\t\t<\/div>\n\t\t\t\t<\/div>\n\t\t\t\t<div class=\"elementor-element elementor-element-519e398 elementor-widget elementor-widget-bridge_button_v2\" data-id=\"519e398\" data-element_type=\"widget\" data-settings=\"{&quot;_animation&quot;:&quot;none&quot;}\" data-widget_type=\"bridge_button_v2.default\">\n\t\t\t\t<div class=\"elementor-widget-container\">\n\t\t\t\n\n\t<a href=\"\/ca\/serveis\/#calculo-de-estructuras\" target=\"_self\" style=\"font-family: Montserrat ;font-size: 14px;font-weight: 600;text-transform: uppercase;font-style: normal;letter-spacing: 1.04px\" class=\"qode-btn qode-btn-medium qode-btn-simple qode-btn-custom-hover-color qode-btn-icon\" data-hover-color=\"#4C9985\" >\n\t    <span class=\"qode-btn-text\">Veure servei<\/span><span class=\"qode-button-v2-icon-holder\" style=\"font-size: 19px\" ><span aria-hidden=\"true\" class=\"qode_icon_font_elegant arrow_carrot-right qode-button-v2-icon-holder-inner\" ><\/span><\/span>\t<\/a>\n\n\t\t<\/div>\n\t\t\t\t<\/div>\n\t\t\t\t<\/div>\n\t\t<div class=\"elementor-element elementor-element-c3c0278 e-con-full e-flex parallax_section_no qode_elementor_container_no e-con e-child\" data-id=\"c3c0278\" data-element_type=\"container\" data-settings=\"{&quot;content_width&quot;:&quot;full&quot;}\">\n\t\t\t\t<div class=\"elementor-element elementor-element-58a1f79 elementor-widget elementor-widget-bridge_icon_text\" data-id=\"58a1f79\" data-element_type=\"widget\" data-widget_type=\"bridge_icon_text.default\">\n\t\t\t\t<div class=\"elementor-widget-container\">\n\t\t\t<div class='q_icon_with_title medium custom_icon_image '><div class=\"icon_holder \" style=\" \"><img decoding=\"async\" itemprop=\"image\" style=\"\" src=\"https:\/\/lpa-arquitectura.com\/wp-content\/uploads\/2023\/09\/Recurso-2.png\" alt=\"\"><\/div><div class=\"icon_text_holder\" style=\"\"><div class=\"icon_text_inner\" style=\"\"><h5 class=\"icon_title\" style=\"\">PROJECTES D\u2019EDIFICACI\u00d3<\/h5><p style=''>Dissenyem el teu edifici, desde zero, acompanyant-te en tot el proc\u00e9s.  <\/p><\/div><\/div><\/div>\t\t<\/div>\n\t\t\t\t<\/div>\n\t\t\t\t<div class=\"elementor-element elementor-element-93204a1 elementor-widget elementor-widget-bridge_button_v2\" data-id=\"93204a1\" data-element_type=\"widget\" data-settings=\"{&quot;_animation&quot;:&quot;none&quot;}\" data-widget_type=\"bridge_button_v2.default\">\n\t\t\t\t<div class=\"elementor-widget-container\">\n\t\t\t\n\n\t<a href=\"\/ca\/serveis\/#proyectos-de-edificacion\" target=\"_self\" style=\"font-family: Montserrat ;font-size: 14px;font-weight: 600;text-transform: uppercase;font-style: normal;letter-spacing: 1.04px\" class=\"qode-btn qode-btn-medium qode-btn-simple qode-btn-custom-hover-color qode-btn-icon\" data-hover-color=\"#4C9985\" >\n\t    <span class=\"qode-btn-text\">Veure servei<\/span><span class=\"qode-button-v2-icon-holder\" style=\"font-size: 19px\" ><span aria-hidden=\"true\" class=\"qode_icon_font_elegant arrow_carrot-right qode-button-v2-icon-holder-inner\" ><\/span><\/span>\t<\/a>\n\n\t\t<\/div>\n\t\t\t\t<\/div>\n\t\t\t\t<\/div>\n\t\t<div class=\"elementor-element elementor-element-e44a7e5 e-con-full e-flex parallax_section_no qode_elementor_container_no e-con e-child\" data-id=\"e44a7e5\" data-element_type=\"container\" data-settings=\"{&quot;content_width&quot;:&quot;full&quot;}\">\n\t\t\t\t<div class=\"elementor-element elementor-element-df71415 elementor-widget elementor-widget-bridge_icon_text\" data-id=\"df71415\" data-element_type=\"widget\" data-widget_type=\"bridge_icon_text.default\">\n\t\t\t\t<div class=\"elementor-widget-container\">\n\t\t\t<div class='q_icon_with_title medium custom_icon_image '><div class=\"icon_holder \" style=\" \"><img decoding=\"async\" itemprop=\"image\" style=\"\" src=\"https:\/\/lpa-arquitectura.com\/wp-content\/uploads\/2023\/09\/Recurso-3.png\" alt=\"\"><\/div><div class=\"icon_text_holder\" style=\"\"><div class=\"icon_text_inner\" style=\"\"><h5 class=\"icon_title\" style=\"\">PROJECTES DE REHABILITACI\u00d3<\/h5><p style=''>Aquest inici de segle XXI hem estat testimonis del reconeixement donat a les intervencions de rehabilitaci\u00f3. <\/p><\/div><\/div><\/div>\t\t<\/div>\n\t\t\t\t<\/div>\n\t\t\t\t<div class=\"elementor-element elementor-element-97a80b5 elementor-widget elementor-widget-bridge_button_v2\" data-id=\"97a80b5\" data-element_type=\"widget\" data-settings=\"{&quot;_animation&quot;:&quot;none&quot;}\" data-widget_type=\"bridge_button_v2.default\">\n\t\t\t\t<div class=\"elementor-widget-container\">\n\t\t\t\n\n\t<a href=\"\/ca\/serveis\/#proyectos-de-rehabilitacion\" target=\"_self\" style=\"font-family: Montserrat ;font-size: 14px;font-weight: 600;text-transform: uppercase;font-style: normal;letter-spacing: 1.04px\" class=\"qode-btn qode-btn-medium qode-btn-simple qode-btn-custom-hover-color qode-btn-icon\" data-hover-color=\"#4C9985\" >\n\t    <span class=\"qode-btn-text\">Veure servei<\/span><span class=\"qode-button-v2-icon-holder\" style=\"font-size: 19px\" ><span aria-hidden=\"true\" class=\"qode_icon_font_elegant arrow_carrot-right qode-button-v2-icon-holder-inner\" ><\/span><\/span>\t<\/a>\n\n\t\t<\/div>\n\t\t\t\t<\/div>\n\t\t\t\t<\/div>\n\t\t\t\t\t<\/div>\n\t\t\t\t<\/div>\n\t\t\t\t\t\t\t<\/div>\n\t\t","protected":false},"excerpt":{"rendered":"<p>C\u00c0LCUL D\u2019ESTRUCTURES PROJECTES D\u2019EDIFICACI\u00d3 PROJECTES DE REHABILITACI\u00d3 LPA Arquitectura Innovaci\u00f3 i Sostenibilitat Experts en c\u00e0lcul estructural, projectes d&#8217;edificaci\u00f3 i rehabilitaci\u00f3, aix\u00ed com informes pericials. M\u00e9s de 15 anys d&#8217;experi\u00e8ncia i 100.000 m\u00b2 de sostre calculats ens donen suport. Dissenyem, gestionem i acompanyem en tot el&#8230;<\/p>\n","protected":false},"author":1,"featured_media":0,"parent":0,"menu_order":0,"comment_status":"closed","ping_status":"closed","template":"elementor_header_footer","meta":{"footnotes":""},"class_list":["post-1508","page","type-page","status-publish","hentry"],"_links":{"self":[{"href":"https:\/\/lpa-arquitectura.com\/ca\/wp-json\/wp\/v2\/pages\/1508","targetHints":{"allow":["GET"]}}],"collection":[{"href":"https:\/\/lpa-arquitectura.com\/ca\/wp-json\/wp\/v2\/pages"}],"about":[{"href":"https:\/\/lpa-arquitectura.com\/ca\/wp-json\/wp\/v2\/types\/page"}],"author":[{"embeddable":true,"href":"https:\/\/lpa-arquitectura.com\/ca\/wp-json\/wp\/v2\/users\/1"}],"replies":[{"embeddable":true,"href":"https:\/\/lpa-arquitectura.com\/ca\/wp-json\/wp\/v2\/comments?post=1508"}],"version-history":[{"count":12,"href":"https:\/\/lpa-arquitectura.com\/ca\/wp-json\/wp\/v2\/pages\/1508\/revisions"}],"predecessor-version":[{"id":1574,"href":"https:\/\/lpa-arquitectura.com\/ca\/wp-json\/wp\/v2\/pages\/1508\/revisions\/1574"}],"wp:attachment":[{"href":"https:\/\/lpa-arquitectura.com\/ca\/wp-json\/wp\/v2\/media?parent=1508"}],"curies":[{"name":"wp","href":"https:\/\/api.w.org\/{rel}","templated":true}]}}